{"id":8,"date":"2023-04-22T21:05:17","date_gmt":"2023-04-22T21:05:17","guid":{"rendered":"https:\/\/gcadena.com\/?page_id=8"},"modified":"2023-08-21T17:19:19","modified_gmt":"2023-08-21T17:19:19","slug":"about-us","status":"publish","type":"page","link":"https:\/\/gcadena.com\/es\/about-us\/","title":{"rendered":"Nosotros"},"content":{"rendered":"<p>Somos una empresa l\u00edder en la regi\u00f3n en desarrollo urbano a trav\u00e9s de obras civiles y proyectos inmobiliarios en los sectores comercial, industrial y residencial.<\/p>","protected":false},"excerpt":{"rendered":"<p>Somos una empresa l\u00edder en la regi\u00f3n en desarrollo urbano a trav\u00e9s de obras civiles y proyectos inmobiliarios en los sectores comercial, industrial y residencial.<\/p>","protected":false},"author":7,"featured_media":0,"parent":0,"menu_order":0,"comment_status":"closed","ping_status":"closed","template":"page-templates\/about-template.php","meta":{"footnotes":""},"class_list":["post-8","page","type-page","status-publish","hentry"],"acf":[],"_links":{"self":[{"href":"https:\/\/gcadena.com\/es\/wp-json\/wp\/v2\/pages\/8","targetHints":{"allow":["GET"]}}],"collection":[{"href":"https:\/\/gcadena.com\/es\/wp-json\/wp\/v2\/pages"}],"about":[{"href":"https:\/\/gcadena.com\/es\/wp-json\/wp\/v2\/types\/page"}],"author":[{"embeddable":true,"href":"https:\/\/gcadena.com\/es\/wp-json\/wp\/v2\/users\/7"}],"replies":[{"embeddable":true,"href":"https:\/\/gcadena.com\/es\/wp-json\/wp\/v2\/comments?post=8"}],"version-history":[{"count":10,"href":"https:\/\/gcadena.com\/es\/wp-json\/wp\/v2\/pages\/8\/revisions"}],"predecessor-version":[{"id":338,"href":"https:\/\/gcadena.com\/es\/wp-json\/wp\/v2\/pages\/8\/revisions\/338"}],"wp:attachment":[{"href":"https:\/\/gcadena.com\/es\/wp-json\/wp\/v2\/media?parent=8"}],"curies":[{"name":"wp","href":"https:\/\/api.w.org\/{rel}","templated":true}]}}