{"id":363,"date":"2023-11-22T23:22:19","date_gmt":"2023-11-22T23:22:19","guid":{"rendered":"https:\/\/www.gcadena.com\/?page_id=363"},"modified":"2023-12-20T20:53:56","modified_gmt":"2023-12-20T20:53:56","slug":"constructora-cadena","status":"publish","type":"page","link":"https:\/\/gcadena.com\/es\/constructora-cadena\/","title":{"rendered":"Constructora Cadena"},"content":{"rendered":"<p>En Constructora Cadena, estamos completamente comprometidos en entregar proyectos de construcci\u00f3n de la m\u00e1s alta calidad. Respaldados por un s\u00f3lido historial y una visi\u00f3n centrada en el cliente, ofrecemos una amplia gama de servicios de construcci\u00f3n, desde trabajos de movimiento de tierras hasta suministro de materiales y alquiler de equipos especializados.<\/p>","protected":false},"excerpt":{"rendered":"<p>En Constructora Cadena, estamos completamente comprometidos en entregar proyectos de construcci\u00f3n de la m\u00e1s alta calidad. Respaldados por un s\u00f3lido historial y una visi\u00f3n centrada en el cliente, ofrecemos una amplia gama de servicios de construcci\u00f3n, desde trabajos de movimiento de tierras hasta suministro de materiales y alquiler de equipos especializados.<\/p>","protected":false},"author":7,"featured_media":404,"parent":0,"menu_order":0,"comment_status":"closed","ping_status":"closed","template":"page-templates\/constructora.php","meta":{"footnotes":""},"class_list":["post-363","page","type-page","status-publish","has-post-thumbnail","hentry"],"acf":[],"_links":{"self":[{"href":"https:\/\/gcadena.com\/es\/wp-json\/wp\/v2\/pages\/363","targetHints":{"allow":["GET"]}}],"collection":[{"href":"https:\/\/gcadena.com\/es\/wp-json\/wp\/v2\/pages"}],"about":[{"href":"https:\/\/gcadena.com\/es\/wp-json\/wp\/v2\/types\/page"}],"author":[{"embeddable":true,"href":"https:\/\/gcadena.com\/es\/wp-json\/wp\/v2\/users\/7"}],"replies":[{"embeddable":true,"href":"https:\/\/gcadena.com\/es\/wp-json\/wp\/v2\/comments?post=363"}],"version-history":[{"count":6,"href":"https:\/\/gcadena.com\/es\/wp-json\/wp\/v2\/pages\/363\/revisions"}],"predecessor-version":[{"id":406,"href":"https:\/\/gcadena.com\/es\/wp-json\/wp\/v2\/pages\/363\/revisions\/406"}],"wp:featuredmedia":[{"embeddable":true,"href":"https:\/\/gcadena.com\/es\/wp-json\/wp\/v2\/media\/404"}],"wp:attachment":[{"href":"https:\/\/gcadena.com\/es\/wp-json\/wp\/v2\/media?parent=363"}],"curies":[{"name":"wp","href":"https:\/\/api.w.org\/{rel}","templated":true}]}}